{"id":8,"date":"2019-07-15T10:24:09","date_gmt":"2019-07-15T10:24:09","guid":{"rendered":"http:\/\/demo.motothemes.co\/netw13\/landscape-design-service\/?page_id=8"},"modified":"2025-10-08T18:23:49","modified_gmt":"2025-10-08T23:23:49","slug":"services-3","status":"publish","type":"page","link":"https:\/\/fundacionedgarnumaelcasas.org\/index.php\/services-3\/","title":{"rendered":"PROGRAMAS MISIONALES"},"content":{"rendered":"<section class=\"wpb-content-wrapper\"><p>[vc_row][vc_column]<div class=\"motov4_spacer_69f1adcc7814e\"><\/div><div class=\"motov4_blog_wrapper motov4_blog_style3 motov4_blog_69f1adcc78173\"><div class=\"row\"><div class=\"col-xl-6 col-lg-6 col-md-6 col-sm-12 col-12\"><div class=\"motov4_blog_box\"><div class=\"motov4_blog_img\"> \r\n\t\t\t\t\t\t\t\t<a href=\"https:\/\/fundacionedgarnumaelcasas.org\/index.php\/2025\/10\/08\/ground-care\/\"><img decoding=\"async\" src=\"https:\/\/fundacionedgarnumaelcasas.org\/wp-content\/uploads\/2019\/07\/LDS-IMG211-570x370.jpg\" alt=\"HUELLA VERDE\"><\/a><\/div><div class=\"motov4_blog_content\"><div class=\"motov4_blog_data\">\r\n\t\t\t\t\t\t\t\t\t<h4 class=\"post_title\"><a href=\"https:\/\/fundacionedgarnumaelcasas.org\/index.php\/2025\/10\/08\/ground-care\/\">HUELLA VERDE<\/a><\/h4><p class=\"post_content\">Prop\u00f3sito: Impulsar acciones de recuperaci\u00f3n y protecci\u00f3n ambiental. Actividades: Reforestaci\u00f3n con especies nativas. Recuperaci\u00f3n de.<\/p><a href=\"https:\/\/fundacionedgarnumaelcasas.org\/index.php\/2025\/10\/08\/ground-care\/\" class=\"motov4_transparent_blog_btn\">Read More<\/a><\/div><div class=\"motov4_blog_meta\">\r\n\t\t\t\t\t\t\t\t\t<ul><\/ul>\r\n\t\t\t\t\t\t\t\t<\/div><\/div>\r\n\t\t\t\t\t\t<\/div>\r\n\t\t\t\t\t<\/div><div class=\"col-xl-6 col-lg-6 col-md-6 col-sm-12 col-12\"><div class=\"motov4_blog_box\"><div class=\"motov4_blog_img\"> \r\n\t\t\t\t\t\t\t\t<a href=\"https:\/\/fundacionedgarnumaelcasas.org\/index.php\/2025\/10\/08\/irrigation-drainage\/\"><img decoding=\"async\" src=\"https:\/\/fundacionedgarnumaelcasas.org\/wp-content\/uploads\/2019\/07\/lds-img23-570x370.jpg\" alt=\"GUARDIANES DE LA TIERRA \/ TEJEDORES DE SUE\u00d1OS\"><\/a><\/div><div class=\"motov4_blog_content\"><div class=\"motov4_blog_data\">\r\n\t\t\t\t\t\t\t\t\t<h4 class=\"post_title\"><a href=\"https:\/\/fundacionedgarnumaelcasas.org\/index.php\/2025\/10\/08\/irrigation-drainage\/\">GUARDIANES DE LA TIERRA \/ TEJEDORES DE SUE\u00d1OS<\/a><\/h4><p class=\"post_content\">Prop\u00f3sito: Fortalecer el trabajo comunitario en el territorio. Actividades: Embellecimiento y recuperaci\u00f3n de espacios p\u00fablicos..<\/p><a href=\"https:\/\/fundacionedgarnumaelcasas.org\/index.php\/2025\/10\/08\/irrigation-drainage\/\" class=\"motov4_transparent_blog_btn\">Read More<\/a><\/div><div class=\"motov4_blog_meta\">\r\n\t\t\t\t\t\t\t\t\t<ul><\/ul>\r\n\t\t\t\t\t\t\t\t<\/div><\/div>\r\n\t\t\t\t\t\t<\/div>\r\n\t\t\t\t\t<\/div><div class=\"col-xl-6 col-lg-6 col-md-6 col-sm-12 col-12\"><div class=\"motov4_blog_box\"><div class=\"motov4_blog_img\"> \r\n\t\t\t\t\t\t\t\t<a href=\"https:\/\/fundacionedgarnumaelcasas.org\/index.php\/2019\/07\/16\/gardens-and-shrubbery\/\"><img decoding=\"async\" src=\"https:\/\/fundacionedgarnumaelcasas.org\/wp-content\/uploads\/revslider\/os-img1-570x370.jpg\" alt=\"MANOS SOLIDARIAS\"><\/a><\/div><div class=\"motov4_blog_content\"><div class=\"motov4_blog_data\">\r\n\t\t\t\t\t\t\t\t\t<h4 class=\"post_title\"><a href=\"https:\/\/fundacionedgarnumaelcasas.org\/index.php\/2019\/07\/16\/gardens-and-shrubbery\/\">MANOS SOLIDARIAS<\/a><\/h4><p class=\"post_content\">Prop\u00f3sito: Apoyar a familias en situaci\u00f3n de vulnerabilidad. Actividades: Recolecci\u00f3n y entrega de mercados. Campa\u00f1as.<\/p><a href=\"https:\/\/fundacionedgarnumaelcasas.org\/index.php\/2019\/07\/16\/gardens-and-shrubbery\/\" class=\"motov4_transparent_blog_btn\">Read More<\/a><\/div><div class=\"motov4_blog_meta\">\r\n\t\t\t\t\t\t\t\t\t<ul><\/ul>\r\n\t\t\t\t\t\t\t\t<\/div><\/div>\r\n\t\t\t\t\t\t<\/div>\r\n\t\t\t\t\t<\/div><div class=\"col-xl-6 col-lg-6 col-md-6 col-sm-12 col-12\"><div class=\"motov4_blog_box\"><div class=\"motov4_blog_img\"> \r\n\t\t\t\t\t\t\t\t<a href=\"https:\/\/fundacionedgarnumaelcasas.org\/index.php\/2019\/07\/16\/great-eco-friendly-options\/\"><img decoding=\"async\" src=\"https:\/\/fundacionedgarnumaelcasas.org\/wp-content\/uploads\/2019\/07\/lds-img8-570x370.jpg\" alt=\"SEGURIDAD Y CONVIVENCIA\"><\/a><\/div><div class=\"motov4_blog_content\"><div class=\"motov4_blog_data\">\r\n\t\t\t\t\t\t\t\t\t<h4 class=\"post_title\"><a href=\"https:\/\/fundacionedgarnumaelcasas.org\/index.php\/2019\/07\/16\/great-eco-friendly-options\/\">SEGURIDAD Y CONVIVENCIA<\/a><\/h4><p class=\"post_content\">Prop\u00f3sito: Promover entornos seguros y de confianza entre comunidad y autoridades. Actividades: Estrategias comunitarias con.<\/p><a href=\"https:\/\/fundacionedgarnumaelcasas.org\/index.php\/2019\/07\/16\/great-eco-friendly-options\/\" class=\"motov4_transparent_blog_btn\">Read More<\/a><\/div><div class=\"motov4_blog_meta\">\r\n\t\t\t\t\t\t\t\t\t<ul><\/ul>\r\n\t\t\t\t\t\t\t\t<\/div><\/div>\r\n\t\t\t\t\t\t<\/div>\r\n\t\t\t\t\t<\/div><\/div><\/div>[\/vc_column][\/vc_row]<\/p>\n<\/section>","protected":false},"excerpt":{"rendered":"<p>[vc_row][vc_column][\/vc_column][\/vc_row]<\/p>\n","protected":false},"author":1,"featured_media":0,"parent":0,"menu_order":0,"comment_status":"closed","ping_status":"closed","template":"","meta":{"footnotes":""},"class_list":["post-8","page","type-page","status-publish","hentry"],"_links":{"self":[{"href":"https:\/\/fundacionedgarnumaelcasas.org\/index.php\/wp-json\/wp\/v2\/pages\/8","targetHints":{"allow":["GET"]}}],"collection":[{"href":"https:\/\/fundacionedgarnumaelcasas.org\/index.php\/wp-json\/wp\/v2\/pages"}],"about":[{"href":"https:\/\/fundacionedgarnumaelcasas.org\/index.php\/wp-json\/wp\/v2\/types\/page"}],"author":[{"embeddable":true,"href":"https:\/\/fundacionedgarnumaelcasas.org\/index.php\/wp-json\/wp\/v2\/users\/1"}],"replies":[{"embeddable":true,"href":"https:\/\/fundacionedgarnumaelcasas.org\/index.php\/wp-json\/wp\/v2\/comments?post=8"}],"version-history":[{"count":5,"href":"https:\/\/fundacionedgarnumaelcasas.org\/index.php\/wp-json\/wp\/v2\/pages\/8\/revisions"}],"predecessor-version":[{"id":428,"href":"https:\/\/fundacionedgarnumaelcasas.org\/index.php\/wp-json\/wp\/v2\/pages\/8\/revisions\/428"}],"wp:attachment":[{"href":"https:\/\/fundacionedgarnumaelcasas.org\/index.php\/wp-json\/wp\/v2\/media?parent=8"}],"curies":[{"name":"wp","href":"https:\/\/api.w.org\/{rel}","templated":true}]}}